{"id":21,"date":"2019-08-22T08:33:06","date_gmt":"2019-08-22T08:33:06","guid":{"rendered":"https:\/\/jupiterx.artbees.net\/architecture\/?page_id=21"},"modified":"2025-04-18T01:29:20","modified_gmt":"2025-04-17T22:29:20","slug":"hakkimizda","status":"publish","type":"page","link":"https:\/\/avoymimarlik.com\/ru\/hakkimizda\/","title":{"rendered":"\u041e"},"content":{"rendered":"<div data-elementor-type=\"wp-post\" data-elementor-id=\"21\" class=\"elementor elementor-21\">\n\t\t\t\t\t\t<section class=\"elementor-section elementor-top-section elementor-element elementor-element-4ac3974 elementor-section-content-middle elementor-section-full_width elementor-section-height-default elementor-section-height-default\" data-id=\"4ac3974\" data-element_type=\"section\" data-settings=\"{&quot;jet_parallax_layout_list&quot;:[{&quot;jet_parallax_layout_image&quot;:{&quot;url&quot;:&quot;&quot;,&quot;id&quot;:&quot;&quot;,&quot;size&quot;:&quot;&quot;},&quot;_id&quot;:&quot;760ce02&quot;,&quot;jet_parallax_layout_image_tablet&quot;:{&quot;url&quot;:&quot;&quot;,&quot;id&quot;:&quot;&quot;,&quot;size&quot;:&quot;&quot;},&quot;jet_parallax_layout_image_mobile&quot;:{&quot;url&quot;:&quot;&quot;,&quot;id&quot;:&quot;&quot;,&quot;size&quot;:&quot;&quot;},&quot;jet_parallax_layout_speed&quot;:{&quot;unit&quot;:&quot;%&quot;,&quot;size&quot;:&quot;50&quot;,&quot;sizes&quot;:[]},&quot;jet_parallax_layout_bg_x&quot;:&quot;50&quot;,&quot;jet_parallax_layout_bg_y&quot;:&quot;50&quot;,&quot;jet_parallax_layout_type&quot;:&quot;scroll&quot;,&quot;jet_parallax_layout_direction&quot;:null,&quot;jet_parallax_layout_fx_direction&quot;:null,&quot;jet_parallax_layout_z_index&quot;:&quot;&quot;,&quot;jet_parallax_layout_bg_x_tablet&quot;:&quot;&quot;,&quot;jet_parallax_layout_bg_x_mobile&quot;:&quot;&quot;,&quot;jet_parallax_layout_bg_y_tablet&quot;:&quot;&quot;,&quot;jet_parallax_layout_bg_y_mobile&quot;:&quot;&quot;,&quot;jet_parallax_layout_bg_size&quot;:&quot;auto&quot;,&quot;jet_parallax_layout_bg_size_tablet&quot;:&quot;&quot;,&quot;jet_parallax_layout_bg_size_mobile&quot;:&quot;&quot;,&quot;jet_parallax_layout_animation_prop&quot;:&quot;transform&quot;,&quot;jet_parallax_layout_on&quot;:[&quot;desktop&quot;,&quot;tablet&quot;]}]}\">\n\t\t\t\t\t\t<div class=\"elementor-container elementor-column-gap-no\">\n\t\t\t\t\t<div class=\"elementor-column elementor-col-100 elementor-top-column elementor-element elementor-element-2514fbe\" data-id=\"2514fbe\" data-element_type=\"column\">\n\t\t\t<div class=\"elementor-widget-wrap elementor-element-populated\">\n\t\t\t\t\t\t<div class=\"elementor-element elementor-element-41b25d8 elementor-invisible elementor-widget elementor-widget-heading\" data-id=\"41b25d8\" data-element_type=\"widget\" data-settings=\"{&quot;_animation&quot;:&quot;fadeInUp&quot;}\" data-widget_type=\"heading.default\">\n\t\t\t\t<div class=\"elementor-widget-container\">\n\t\t\t\t\t<h1 class=\"elementor-heading-title elementor-size-default\">\u041e \u043d\u0430\u0441<\/h1>\t\t\t\t<\/div>\n\t\t\t\t<\/div>\n\t\t\t\t<div class=\"elementor-element elementor-element-7a04356 elementor-widget elementor-widget-text-editor\" data-id=\"7a04356\" data-element_type=\"widget\" data-widget_type=\"text-editor.default\">\n\t\t\t\t<div class=\"elementor-widget-container\">\n\t\t\t\t\t\t\t\t\t<p data-start=\"28\" data-end=\"326\">AVOY ARCHITECTURE \u2014 \u0430\u0440\u0445\u0438\u0442\u0435\u043a\u0442\u0443\u0440\u043d\u0430\u044f \u0444\u0438\u0440\u043c\u0430, \u043a\u043e\u0442\u043e\u0440\u0430\u044f \u0441\u0442\u0440\u0435\u043c\u0438\u0442\u0441\u044f \u043a \u0441\u043e\u0432\u0435\u0440\u0448\u0435\u043d\u0441\u0442\u0432\u0443 \u0432 \u043a\u0430\u0436\u0434\u043e\u043c \u043f\u0440\u043e\u0435\u043a\u0442\u0435, \u043e\u0431\u044a\u0435\u0434\u0438\u043d\u044f\u044f \u043f\u043e\u043d\u0438\u043c\u0430\u043d\u0438\u0435 \u044d\u0441\u0442\u0435\u0442\u0438\u043a\u0438, \u0444\u0443\u043d\u043a\u0446\u0438\u043e\u043d\u0430\u043b\u044c\u043d\u043e\u0441\u0442\u0438 \u0438 \u0443\u0441\u0442\u043e\u0439\u0447\u0438\u0432\u043e\u0441\u0442\u0438. \u0411\u043b\u0430\u0433\u043e\u0434\u0430\u0440\u044f \u043d\u0430\u0448\u0435\u043c\u0443 \u043a\u043b\u0438\u0435\u043d\u0442\u043e\u043e\u0440\u0438\u0435\u043d\u0442\u0438\u0440\u043e\u0432\u0430\u043d\u043d\u043e\u043c\u0443 \u043f\u043e\u0434\u0445\u043e\u0434\u0443 \u043c\u044b \u0442\u0449\u0430\u0442\u0435\u043b\u044c\u043d\u043e \u0440\u0430\u0431\u043e\u0442\u0430\u0435\u043c \u043d\u0430\u0434 \u0438\u043d\u0434\u0438\u0432\u0438\u0434\u0443\u0430\u043b\u0438\u0437\u0430\u0446\u0438\u0435\u0439 \u043a\u0430\u0436\u0434\u043e\u0433\u043e \u043f\u0440\u043e\u0435\u043a\u0442\u0430 \u0438 \u0443\u0434\u043e\u0432\u043b\u0435\u0442\u0432\u043e\u0440\u0435\u043d\u0438\u0435\u043c \u043f\u043e\u0442\u0440\u0435\u0431\u043d\u043e\u0441\u0442\u0435\u0439 \u0438 \u043e\u0436\u0438\u0434\u0430\u043d\u0438\u0439 \u043d\u0430 \u0441\u0430\u043c\u043e\u043c \u0432\u044b\u0441\u043e\u043a\u043e\u043c \u0443\u0440\u043e\u0432\u043d\u0435.<\/p><p data-start=\"328\" data-end=\"678\">\u0411\u043b\u0430\u0433\u043e\u0434\u0430\u0440\u044f \u043d\u0430\u0448\u0438\u043c \u0441\u043e\u0432\u0440\u0435\u043c\u0435\u043d\u043d\u044b\u043c \u0438 \u0438\u043d\u043d\u043e\u0432\u0430\u0446\u0438\u043e\u043d\u043d\u044b\u043c \u043f\u0440\u043e\u0435\u043a\u0442\u0430\u043c \u043c\u044b \u0434\u0435\u043b\u0430\u0435\u043c \u0436\u0438\u043b\u044b\u0435 \u043f\u043e\u043c\u0435\u0449\u0435\u043d\u0438\u044f \u0431\u043e\u043b\u0435\u0435 \u044d\u0444\u0444\u0435\u043a\u0442\u0438\u0432\u043d\u044b\u043c\u0438, \u044d\u0441\u0442\u0435\u0442\u0438\u0447\u0435\u0441\u043a\u0438 \u0432\u043f\u0435\u0447\u0430\u0442\u043b\u044f\u044e\u0449\u0438\u043c\u0438 \u0438 \u044d\u043a\u043e\u043b\u043e\u0433\u0438\u0447\u0435\u0441\u043a\u0438 \u0447\u0438\u0441\u0442\u044b\u043c\u0438. \u041d\u0430\u0448 \u043e\u043f\u044b\u0442 \u0432 \u044d\u0442\u043e\u043c \u0441\u0435\u043a\u0442\u043e\u0440\u0435 \u043e\u0431\u0435\u0441\u043f\u0435\u0447\u0438\u0432\u0430\u0435\u0442 \u043d\u0430\u043c \u043c\u043e\u0449\u043d\u0443\u044e \u0438\u043d\u0444\u0440\u0430\u0441\u0442\u0440\u0443\u043a\u0442\u0443\u0440\u0443 \u0434\u043b\u044f \u043f\u0440\u0435\u0434\u043b\u043e\u0436\u0435\u043d\u0438\u044f \u0443\u043d\u0438\u043a\u0430\u043b\u044c\u043d\u044b\u0445 \u0440\u0435\u0448\u0435\u043d\u0438\u0439 \u0432 \u043a\u0430\u0436\u0434\u043e\u043c \u043f\u0440\u043e\u0435\u043a\u0442\u0435. \u0412 \u043a\u043e\u043c\u043f\u0430\u043d\u0438\u0438 AVOY ARCHITECTURE \u043c\u044b \u043f\u0440\u043e\u0434\u043e\u043b\u0436\u0430\u0435\u043c \u0432\u043e\u043f\u043b\u043e\u0449\u0430\u0442\u044c \u0432 \u0440\u0435\u0430\u043b\u044c\u043d\u043e\u0441\u0442\u044c \u043f\u0440\u043e\u0441\u0442\u0440\u0430\u043d\u0441\u0442\u0432\u0430, \u043e \u043a\u043e\u0442\u043e\u0440\u044b\u0445 \u0432\u044b \u043c\u0435\u0447\u0442\u0430\u0435\u0442\u0435, \u0443\u0434\u0435\u043b\u044f\u044f \u043f\u0435\u0440\u0432\u043e\u0441\u0442\u0435\u043f\u0435\u043d\u043d\u043e\u0435 \u0432\u043d\u0438\u043c\u0430\u043d\u0438\u0435 \u043a\u0430\u0447\u0435\u0441\u0442\u0432\u0443 \u0432 \u043a\u0430\u0436\u0434\u043e\u0439 \u0434\u0435\u0442\u0430\u043b\u0438.<\/p><p data-start=\"680\" data-end=\"1013\" data-is-last-node=\"\" data-is-only-node=\"\">\u0421\u043e\u0431\u043b\u044e\u0434\u0430\u044f \u0431\u0430\u043b\u0430\u043d\u0441 \u043c\u0435\u0436\u0434\u0443 \u0443\u0441\u0442\u043e\u0439\u0447\u0438\u0432\u043e\u0441\u0442\u044c\u044e, \u0444\u0443\u043d\u043a\u0446\u0438\u043e\u043d\u0430\u043b\u044c\u043d\u043e\u0441\u0442\u044c\u044e \u0438 \u044d\u0441\u0442\u0435\u0442\u0438\u043a\u043e\u0439, \u043c\u044b \u043f\u0440\u043e\u0435\u043a\u0442\u0438\u0440\u0443\u0435\u043c \u043d\u0435 \u0442\u043e\u043b\u044c\u043a\u043e \u043d\u0430\u0441\u0442\u043e\u044f\u0449\u0435\u0435, \u043d\u043e \u0438 \u0431\u0443\u0434\u0443\u0449\u0435\u0435. \u0412\u0441\u0435\u0433\u0434\u0430 \u0441\u0442\u0430\u0432\u044f \u043d\u0430 \u043f\u0435\u0440\u0432\u043e\u0435 \u043c\u0435\u0441\u0442\u043e \u0443\u0434\u043e\u0432\u043b\u0435\u0442\u0432\u043e\u0440\u0435\u043d\u0438\u0435 \u043f\u043e\u0442\u0440\u0435\u0431\u043d\u043e\u0441\u0442\u0435\u0439 \u043d\u0430\u0448\u0438\u0445 \u043a\u043b\u0438\u0435\u043d\u0442\u043e\u0432, \u043c\u044b \u0432 \u043a\u0430\u0436\u0434\u043e\u043c \u043f\u0440\u043e\u0435\u043a\u0442\u0435 \u0440\u0430\u0441\u043a\u0440\u044b\u0432\u0430\u0435\u043c \u0441\u0432\u043e\u0435 \u043e\u0442\u043b\u0438\u0447\u0438\u0435 \u043e\u0442 \u043e\u0442\u0440\u0430\u0441\u043b\u0438. AVOY ARCHITECTURE \u0444\u043e\u0440\u043c\u0438\u0440\u0443\u0435\u0442 \u0431\u0443\u0434\u0443\u0449\u0435\u0435 \u0430\u0440\u0445\u0438\u0442\u0435\u043a\u0442\u0443\u0440\u044b, \u043f\u043e\u0441\u0442\u043e\u044f\u043d\u043d\u043e \u043e\u0431\u043d\u043e\u0432\u043b\u044f\u044f \u0441\u0432\u043e\u0435 \u0432\u0438\u0434\u0435\u043d\u0438\u0435 \u0432 \u043e\u0431\u043b\u0430\u0441\u0442\u0438 \u0430\u0440\u0445\u0438\u0442\u0435\u043a\u0442\u0443\u0440\u044b.<\/p>\t\t\t\t\t\t\t\t<\/div>\n\t\t\t\t<\/div>\n\t\t\t\t<div class=\"elementor-element elementor-element-f9c6bdc elementor-widget elementor-widget-spacer\" data-id=\"f9c6bdc\" data-element_type=\"widget\" data-widget_type=\"spacer.default\">\n\t\t\t\t<div class=\"elementor-widget-container\">\n\t\t\t\t\t\t\t<div class=\"elementor-spacer\">\n\t\t\t<div class=\"elementor-spacer-inner\"><\/div>\n\t\t<\/div>\n\t\t\t\t\t\t<\/div>\n\t\t\t\t<\/div>\n\t\t\t\t<div class=\"elementor-element elementor-element-2a29e16 elementor-widget-divider--view-line elementor-widget elementor-widget-divider\" data-id=\"2a29e16\" data-element_type=\"widget\" data-widget_type=\"divider.default\">\n\t\t\t\t<div class=\"elementor-widget-container\">\n\t\t\t\t\t\t\t<div class=\"elementor-divider\">\n\t\t\t<span class=\"elementor-divider-separator\">\n\t\t\t\t\t\t<\/span>\n\t\t<\/div>\n\t\t\t\t\t\t<\/div>\n\t\t\t\t<\/div>\n\t\t\t\t\t<\/div>\n\t\t<\/div>\n\t\t\t\t\t<\/div>\n\t\t<\/section>\n\t\t\t\t<section class=\"elementor-section elementor-top-section elementor-element elementor-element-a18a6ef elementor-section-content-middle elementor-section-boxed elementor-section-height-default elementor-section-height-default\" data-id=\"a18a6ef\" data-element_type=\"section\" data-settings=\"{&quot;jet_parallax_layout_list&quot;:[{&quot;jet_parallax_layout_image&quot;:{&quot;url&quot;:&quot;&quot;,&quot;id&quot;:&quot;&quot;,&quot;size&quot;:&quot;&quot;},&quot;_id&quot;:&quot;d4279b6&quot;,&quot;jet_parallax_layout_image_tablet&quot;:{&quot;url&quot;:&quot;&quot;,&quot;id&quot;:&quot;&quot;,&quot;size&quot;:&quot;&quot;},&quot;jet_parallax_layout_image_mobile&quot;:{&quot;url&quot;:&quot;&quot;,&quot;id&quot;:&quot;&quot;,&quot;size&quot;:&quot;&quot;},&quot;jet_parallax_layout_speed&quot;:{&quot;unit&quot;:&quot;%&quot;,&quot;size&quot;:&quot;50&quot;,&quot;sizes&quot;:[]},&quot;jet_parallax_layout_bg_x&quot;:&quot;50&quot;,&quot;jet_parallax_layout_bg_y&quot;:&quot;50&quot;,&quot;jet_parallax_layout_type&quot;:&quot;scroll&quot;,&quot;jet_parallax_layout_direction&quot;:null,&quot;jet_parallax_layout_fx_direction&quot;:null,&quot;jet_parallax_layout_z_index&quot;:&quot;&quot;,&quot;jet_parallax_layout_bg_x_tablet&quot;:&quot;&quot;,&quot;jet_parallax_layout_bg_x_mobile&quot;:&quot;&quot;,&quot;jet_parallax_layout_bg_y_tablet&quot;:&quot;&quot;,&quot;jet_parallax_layout_bg_y_mobile&quot;:&quot;&quot;,&quot;jet_parallax_layout_bg_size&quot;:&quot;auto&quot;,&quot;jet_parallax_layout_bg_size_tablet&quot;:&quot;&quot;,&quot;jet_parallax_layout_bg_size_mobile&quot;:&quot;&quot;,&quot;jet_parallax_layout_animation_prop&quot;:&quot;transform&quot;,&quot;jet_parallax_layout_on&quot;:[&quot;desktop&quot;,&quot;tablet&quot;]}]}\">\n\t\t\t\t\t\t<div class=\"elementor-container elementor-column-gap-no\">\n\t\t\t\t\t<div class=\"elementor-column elementor-col-100 elementor-top-column elementor-element elementor-element-8f38c09\" data-id=\"8f38c09\" data-element_type=\"column\">\n\t\t\t<div class=\"elementor-widget-wrap\">\n\t\t\t\t\t\t\t<\/div>\n\t\t<\/div>\n\t\t\t\t\t<\/div>\n\t\t<\/section>\n\t\t\t\t<\/div>","protected":false},"excerpt":{"rendered":"<p>\u041e \u043d\u0430\u0441 AVOY ARCHITECTURE \u2014 \u0430\u0440\u0445\u0438\u0442\u0435\u043a\u0442\u0443\u0440\u043d\u0430\u044f \u0444\u0438\u0440\u043c\u0430, \u043a\u043e\u0442\u043e\u0440\u0430\u044f \u0441\u0442\u0440\u0435\u043c\u0438\u0442\u0441\u044f \u043a \u0441\u043e\u0432\u0435\u0440\u0448\u0435\u043d\u0441\u0442\u0432\u0443 \u0432 \u043a\u0430\u0436\u0434\u043e\u043c \u043f\u0440\u043e\u0435\u043a\u0442\u0435, \u043e\u0431\u044a\u0435\u0434\u0438\u043d\u044f\u044f \u043f\u043e\u043d\u0438\u043c\u0430\u043d\u0438\u0435 \u044d\u0441\u0442\u0435\u0442\u0438\u043a\u0438, \u0444\u0443\u043d\u043a\u0446\u0438\u043e\u043d\u0430\u043b\u044c\u043d\u043e\u0441\u0442\u0438 \u0438 \u0443\u0441\u0442\u043e\u0439\u0447\u0438\u0432\u043e\u0441\u0442\u0438. \u0411\u043b\u0430\u0433\u043e\u0434\u0430\u0440\u044f \u043d\u0430\u0448\u0435\u043c\u0443 \u043a\u043b\u0438\u0435\u043d\u0442\u043e\u043e\u0440\u0438\u0435\u043d\u0442\u0438\u0440\u043e\u0432\u0430\u043d\u043d\u043e\u043c\u0443 \u043f\u043e\u0434\u0445\u043e\u0434\u0443 \u043c\u044b \u0442\u0449\u0430\u0442\u0435\u043b\u044c\u043d\u043e \u0440\u0430\u0431\u043e\u0442\u0430\u0435\u043c \u043d\u0430\u0434 \u0438\u043d\u0434\u0438\u0432\u0438\u0434\u0443\u0430\u043b\u0438\u0437\u0430\u0446\u0438\u0435\u0439 \u043a\u0430\u0436\u0434\u043e\u0433\u043e \u043f\u0440\u043e\u0435\u043a\u0442\u0430 \u0438 \u0443\u0434\u043e\u0432\u043b\u0435\u0442\u0432\u043e\u0440\u0435\u043d\u0438\u0435\u043c \u043f\u043e\u0442\u0440\u0435\u0431\u043d\u043e\u0441\u0442\u0435\u0439 \u0438 \u043e\u0436\u0438\u0434\u0430\u043d\u0438\u0439 \u043d\u0430 \u0441\u0430\u043c\u043e\u043c \u0432\u044b\u0441\u043e\u043a\u043e\u043c \u0443\u0440\u043e\u0432\u043d\u0435. \u0411\u043b\u0430\u0433\u043e\u0434\u0430\u0440\u044f \u043d\u0430\u0448\u0438\u043c \u0441\u043e\u0432\u0440\u0435\u043c\u0435\u043d\u043d\u044b\u043c \u0438 \u0438\u043d\u043d\u043e\u0432\u0430\u0446\u0438\u043e\u043d\u043d\u044b\u043c \u043f\u0440\u043e\u0435\u043a\u0442\u0430\u043c \u043c\u044b \u0434\u0435\u043b\u0430\u0435\u043c \u0436\u0438\u043b\u044b\u0435 \u043f\u043e\u043c\u0435\u0449\u0435\u043d\u0438\u044f \u0431\u043e\u043b\u0435\u0435 \u044d\u0444\u0444\u0435\u043a\u0442\u0438\u0432\u043d\u044b\u043c\u0438, \u044d\u0441\u0442\u0435\u0442\u0438\u0447\u0435\u0441\u043a\u0438 \u0432\u043f\u0435\u0447\u0430\u0442\u043b\u044f\u044e\u0449\u0438\u043c\u0438 \u0438 \u044d\u043a\u043e\u043b\u043e\u0433\u0438\u0447\u0435\u0441\u043a\u0438 \u0447\u0438\u0441\u0442\u044b\u043c\u0438. \u041d\u0430\u0448 \u043e\u043f\u044b\u0442 \u0432 \u044d\u0442\u043e\u043c \u0441\u0435\u043a\u0442\u043e\u0440\u0435 \u043e\u0431\u0435\u0441\u043f\u0435\u0447\u0438\u0432\u0430\u0435\u0442 \u0443\u043d\u0438\u043a\u0430\u043b\u044c\u043d\u044b\u0435 [\u2026]<\/p>","protected":false},"author":1,"featured_media":0,"parent":0,"menu_order":0,"comment_status":"closed","ping_status":"closed","template":"full-width.php","meta":{"_acf_changed":false,"footnotes":""},"class_list":["post-21","page","type-page","status-publish","hentry"],"acf":[],"yoast_head":"<!-- This site is optimized with the Yoast SEO plugin v25.2 - https:\/\/yoast.com\/wordpress\/plugins\/seo\/ -->\n<title>AVOY M\u0130MARLIK<\/title>\n<meta name=\"description\" content=\"AVOY Mimarl\u0131k, yarat\u0131c\u0131 ve i\u015flevsel \u00e7\u00f6z\u00fcmleriyle ya\u015fam alanlar\u0131na de\u011fer katan profesyonel bir mimarl\u0131k firmas\u0131d\u0131r.\" \/>\n<meta name=\"robots\" content=\"index, follow, max-snippet:-1, max-image-preview:large, max-video-preview:-1\" \/>\n<link rel=\"canonical\" href=\"https:\/\/avoymimarlik.com\/ru\/hakkimizda\/\" \/>\n<meta property=\"og:locale\" content=\"ru_RU\" \/>\n<meta property=\"og:type\" content=\"article\" \/>\n<meta property=\"og:title\" content=\"AVOY M\u0130MARLIK\" \/>\n<meta property=\"og:description\" content=\"AVOY Mimarl\u0131k, yarat\u0131c\u0131 ve i\u015flevsel \u00e7\u00f6z\u00fcmleriyle ya\u015fam alanlar\u0131na de\u011fer katan profesyonel bir mimarl\u0131k firmas\u0131d\u0131r.\" \/>\n<meta property=\"og:url\" content=\"https:\/\/avoymimarlik.com\/ru\/hakkimizda\/\" \/>\n<meta property=\"og:site_name\" content=\"AVOY M\u0130MARLIK\" \/>\n<meta property=\"article:modified_time\" content=\"2025-04-17T22:29:20+00:00\" \/>\n<meta name=\"twitter:card\" content=\"summary_large_image\" \/>\n<meta name=\"twitter:label1\" content=\"\u041f\u0440\u0438\u043c\u0435\u0440\u043d\u043e\u0435 \u0432\u0440\u0435\u043c\u044f \u0434\u043b\u044f \u0447\u0442\u0435\u043d\u0438\u044f\" \/>\n\t<meta name=\"twitter:data1\" content=\"1 \u043c\u0438\u043d\u0443\u0442\u0430\" \/>\n<script type=\"application\/ld+json\" class=\"yoast-schema-graph\">{\"@context\":\"https:\/\/schema.org\",\"@graph\":[{\"@type\":\"WebPage\",\"@id\":\"https:\/\/avoymimarlik.com\/hakkimizda\/\",\"url\":\"https:\/\/avoymimarlik.com\/hakkimizda\/\",\"name\":\"AVOY M\u0130MARLIK\",\"isPartOf\":{\"@id\":\"https:\/\/avoymimarlik.com\/#website\"},\"datePublished\":\"2019-08-22T08:33:06+00:00\",\"dateModified\":\"2025-04-17T22:29:20+00:00\",\"description\":\"AVOY Mimarl\u0131k, yarat\u0131c\u0131 ve i\u015flevsel \u00e7\u00f6z\u00fcmleriyle ya\u015fam alanlar\u0131na de\u011fer katan profesyonel bir mimarl\u0131k firmas\u0131d\u0131r.\",\"breadcrumb\":{\"@id\":\"https:\/\/avoymimarlik.com\/hakkimizda\/#breadcrumb\"},\"inLanguage\":\"ru-RU\",\"potentialAction\":[{\"@type\":\"ReadAction\",\"target\":[\"https:\/\/avoymimarlik.com\/hakkimizda\/\"]}]},{\"@type\":\"BreadcrumbList\",\"@id\":\"https:\/\/avoymimarlik.com\/hakkimizda\/#breadcrumb\",\"itemListElement\":[{\"@type\":\"ListItem\",\"position\":1,\"name\":\"Anasayfa\",\"item\":\"https:\/\/avoymimarlik.com\/\"},{\"@type\":\"ListItem\",\"position\":2,\"name\":\"About\"}]},{\"@type\":\"WebSite\",\"@id\":\"https:\/\/avoymimarlik.com\/#website\",\"url\":\"https:\/\/avoymimarlik.com\/\",\"name\":\"Avoy Mimarl\u0131k\",\"description\":\"Mimari tasar\u0131m , projelendirme ve uygulama .\",\"publisher\":{\"@id\":\"https:\/\/avoymimarlik.com\/#organization\"},\"potentialAction\":[{\"@type\":\"SearchAction\",\"target\":{\"@type\":\"EntryPoint\",\"urlTemplate\":\"https:\/\/avoymimarlik.com\/?s={search_term_string}\"},\"query-input\":{\"@type\":\"PropertyValueSpecification\",\"valueRequired\":true,\"valueName\":\"search_term_string\"}}],\"inLanguage\":\"ru-RU\"},{\"@type\":\"Organization\",\"@id\":\"https:\/\/avoymimarlik.com\/#organization\",\"name\":\"Avoy Mimarl\u0131k\",\"url\":\"https:\/\/avoymimarlik.com\/\",\"logo\":{\"@type\":\"ImageObject\",\"inLanguage\":\"ru-RU\",\"@id\":\"https:\/\/avoymimarlik.com\/#\/schema\/logo\/image\/\",\"url\":\"https:\/\/avoymimarlik.com\/wp-content\/uploads\/2025\/02\/cropped-2023-11-29-9.jpg\",\"contentUrl\":\"https:\/\/avoymimarlik.com\/wp-content\/uploads\/2025\/02\/cropped-2023-11-29-9.jpg\",\"width\":512,\"height\":512,\"caption\":\"Avoy Mimarl\u0131k\"},\"image\":{\"@id\":\"https:\/\/avoymimarlik.com\/#\/schema\/logo\/image\/\"},\"sameAs\":[\"https:\/\/tr.linkedin.com\/company\/avoy-mimarlik\"]}]}<\/script>\n<!-- \/ Yoast SEO plugin. -->","yoast_head_json":{"title":"AVOY M\u0130MARLIK","description":"AVOY Mimarl\u0131k, yarat\u0131c\u0131 ve i\u015flevsel \u00e7\u00f6z\u00fcmleriyle ya\u015fam alanlar\u0131na de\u011fer katan profesyonel bir mimarl\u0131k firmas\u0131d\u0131r.","robots":{"index":"index","follow":"follow","max-snippet":"max-snippet:-1","max-image-preview":"max-image-preview:large","max-video-preview":"max-video-preview:-1"},"canonical":"https:\/\/avoymimarlik.com\/ru\/hakkimizda\/","og_locale":"ru_RU","og_type":"article","og_title":"AVOY M\u0130MARLIK","og_description":"AVOY Mimarl\u0131k, yarat\u0131c\u0131 ve i\u015flevsel \u00e7\u00f6z\u00fcmleriyle ya\u015fam alanlar\u0131na de\u011fer katan profesyonel bir mimarl\u0131k firmas\u0131d\u0131r.","og_url":"https:\/\/avoymimarlik.com\/ru\/hakkimizda\/","og_site_name":"AVOY M\u0130MARLIK","article_modified_time":"2025-04-17T22:29:20+00:00","twitter_card":"summary_large_image","twitter_misc":{"\u041f\u0440\u0438\u043c\u0435\u0440\u043d\u043e\u0435 \u0432\u0440\u0435\u043c\u044f \u0434\u043b\u044f \u0447\u0442\u0435\u043d\u0438\u044f":"1 \u043c\u0438\u043d\u0443\u0442\u0430"},"schema":{"@context":"https:\/\/schema.org","@graph":[{"@type":"WebPage","@id":"https:\/\/avoymimarlik.com\/hakkimizda\/","url":"https:\/\/avoymimarlik.com\/hakkimizda\/","name":"AVOY M\u0130MARLIK","isPartOf":{"@id":"https:\/\/avoymimarlik.com\/#website"},"datePublished":"2019-08-22T08:33:06+00:00","dateModified":"2025-04-17T22:29:20+00:00","description":"AVOY Mimarl\u0131k, yarat\u0131c\u0131 ve i\u015flevsel \u00e7\u00f6z\u00fcmleriyle ya\u015fam alanlar\u0131na de\u011fer katan profesyonel bir mimarl\u0131k firmas\u0131d\u0131r.","breadcrumb":{"@id":"https:\/\/avoymimarlik.com\/hakkimizda\/#breadcrumb"},"inLanguage":"ru-RU","potentialAction":[{"@type":"ReadAction","target":["https:\/\/avoymimarlik.com\/hakkimizda\/"]}]},{"@type":"BreadcrumbList","@id":"https:\/\/avoymimarlik.com\/hakkimizda\/#breadcrumb","itemListElement":[{"@type":"ListItem","position":1,"name":"Anasayfa","item":"https:\/\/avoymimarlik.com\/"},{"@type":"ListItem","position":2,"name":"About"}]},{"@type":"WebSite","@id":"https:\/\/avoymimarlik.com\/#website","url":"https:\/\/avoymimarlik.com\/","name":"Avoy Mimarl\u0131k","description":"Mimari tasar\u0131m , projelendirme ve uygulama .","publisher":{"@id":"https:\/\/avoymimarlik.com\/#organization"},"potentialAction":[{"@type":"SearchAction","target":{"@type":"EntryPoint","urlTemplate":"https:\/\/avoymimarlik.com\/?s={search_term_string}"},"query-input":{"@type":"PropertyValueSpecification","valueRequired":true,"valueName":"search_term_string"}}],"inLanguage":"ru-RU"},{"@type":"Organization","@id":"https:\/\/avoymimarlik.com\/#organization","name":"Avoy Mimarl\u0131k","url":"https:\/\/avoymimarlik.com\/","logo":{"@type":"ImageObject","inLanguage":"ru-RU","@id":"https:\/\/avoymimarlik.com\/#\/schema\/logo\/image\/","url":"https:\/\/avoymimarlik.com\/wp-content\/uploads\/2025\/02\/cropped-2023-11-29-9.jpg","contentUrl":"https:\/\/avoymimarlik.com\/wp-content\/uploads\/2025\/02\/cropped-2023-11-29-9.jpg","width":512,"height":512,"caption":"Avoy Mimarl\u0131k"},"image":{"@id":"https:\/\/avoymimarlik.com\/#\/schema\/logo\/image\/"},"sameAs":["https:\/\/tr.linkedin.com\/company\/avoy-mimarlik"]}]}},"_links":{"self":[{"href":"https:\/\/avoymimarlik.com\/ru\/wp-json\/wp\/v2\/pages\/21","targetHints":{"allow":["GET"]}}],"collection":[{"href":"https:\/\/avoymimarlik.com\/ru\/wp-json\/wp\/v2\/pages"}],"about":[{"href":"https:\/\/avoymimarlik.com\/ru\/wp-json\/wp\/v2\/types\/page"}],"author":[{"embeddable":true,"href":"https:\/\/avoymimarlik.com\/ru\/wp-json\/wp\/v2\/users\/1"}],"replies":[{"embeddable":true,"href":"https:\/\/avoymimarlik.com\/ru\/wp-json\/wp\/v2\/comments?post=21"}],"version-history":[{"count":8,"href":"https:\/\/avoymimarlik.com\/ru\/wp-json\/wp\/v2\/pages\/21\/revisions"}],"predecessor-version":[{"id":615,"href":"https:\/\/avoymimarlik.com\/ru\/wp-json\/wp\/v2\/pages\/21\/revisions\/615"}],"wp:attachment":[{"href":"https:\/\/avoymimarlik.com\/ru\/wp-json\/wp\/v2\/media?parent=21"}],"curies":[{"name":"wp","href":"https:\/\/api.w.org\/{rel}","templated":true}]}}