{"id":21,"date":"2019-08-22T08:33:06","date_gmt":"2019-08-22T08:33:06","guid":{"rendered":"https:\/\/jupiterx.artbees.net\/architecture\/?page_id=21"},"modified":"2025-04-18T01:29:20","modified_gmt":"2025-04-17T22:29:20","slug":"hakkimizda","status":"publish","type":"page","link":"https:\/\/avoymimarlik.com\/en\/hakkimizda\/","title":{"rendered":"About"},"content":{"rendered":"<div data-elementor-type=\"wp-post\" data-elementor-id=\"21\" class=\"elementor elementor-21\">\n\t\t\t\t\t\t<section class=\"elementor-section elementor-top-section elementor-element elementor-element-4ac3974 elementor-section-content-middle elementor-section-full_width elementor-section-height-default elementor-section-height-default\" data-id=\"4ac3974\" data-element_type=\"section\" data-settings=\"{&quot;jet_parallax_layout_list&quot;:[{&quot;jet_parallax_layout_image&quot;:{&quot;url&quot;:&quot;&quot;,&quot;id&quot;:&quot;&quot;,&quot;size&quot;:&quot;&quot;},&quot;_id&quot;:&quot;760ce02&quot;,&quot;jet_parallax_layout_image_tablet&quot;:{&quot;url&quot;:&quot;&quot;,&quot;id&quot;:&quot;&quot;,&quot;size&quot;:&quot;&quot;},&quot;jet_parallax_layout_image_mobile&quot;:{&quot;url&quot;:&quot;&quot;,&quot;id&quot;:&quot;&quot;,&quot;size&quot;:&quot;&quot;},&quot;jet_parallax_layout_speed&quot;:{&quot;unit&quot;:&quot;%&quot;,&quot;size&quot;:&quot;50&quot;,&quot;sizes&quot;:[]},&quot;jet_parallax_layout_bg_x&quot;:&quot;50&quot;,&quot;jet_parallax_layout_bg_y&quot;:&quot;50&quot;,&quot;jet_parallax_layout_type&quot;:&quot;scroll&quot;,&quot;jet_parallax_layout_direction&quot;:null,&quot;jet_parallax_layout_fx_direction&quot;:null,&quot;jet_parallax_layout_z_index&quot;:&quot;&quot;,&quot;jet_parallax_layout_bg_x_tablet&quot;:&quot;&quot;,&quot;jet_parallax_layout_bg_x_mobile&quot;:&quot;&quot;,&quot;jet_parallax_layout_bg_y_tablet&quot;:&quot;&quot;,&quot;jet_parallax_layout_bg_y_mobile&quot;:&quot;&quot;,&quot;jet_parallax_layout_bg_size&quot;:&quot;auto&quot;,&quot;jet_parallax_layout_bg_size_tablet&quot;:&quot;&quot;,&quot;jet_parallax_layout_bg_size_mobile&quot;:&quot;&quot;,&quot;jet_parallax_layout_animation_prop&quot;:&quot;transform&quot;,&quot;jet_parallax_layout_on&quot;:[&quot;desktop&quot;,&quot;tablet&quot;]}]}\">\n\t\t\t\t\t\t<div class=\"elementor-container elementor-column-gap-no\">\n\t\t\t\t\t<div class=\"elementor-column elementor-col-100 elementor-top-column elementor-element elementor-element-2514fbe\" data-id=\"2514fbe\" data-element_type=\"column\">\n\t\t\t<div class=\"elementor-widget-wrap elementor-element-populated\">\n\t\t\t\t\t\t<div class=\"elementor-element elementor-element-41b25d8 elementor-invisible elementor-widget elementor-widget-heading\" data-id=\"41b25d8\" data-element_type=\"widget\" data-settings=\"{&quot;_animation&quot;:&quot;fadeInUp&quot;}\" data-widget_type=\"heading.default\">\n\t\t\t\t<div class=\"elementor-widget-container\">\n\t\t\t\t\t<h1 class=\"elementor-heading-title elementor-size-default\">About Us<\/h1>\t\t\t\t<\/div>\n\t\t\t\t<\/div>\n\t\t\t\t<div class=\"elementor-element elementor-element-7a04356 elementor-widget elementor-widget-text-editor\" data-id=\"7a04356\" data-element_type=\"widget\" data-widget_type=\"text-editor.default\">\n\t\t\t\t<div class=\"elementor-widget-container\">\n\t\t\t\t\t\t\t\t\t<p data-start=\"28\" data-end=\"326\">AVOY ARCHITECTURE is an architectural firm that aims for perfection in every project by bringing together the understanding of aesthetics, functionality and sustainability. With our customer-oriented approach, we work meticulously to meet the needs and expectations at the highest standards by customizing each design.<\/p><p data-start=\"328\" data-end=\"678\">With our modern and innovative designs, we make living spaces more efficient, aesthetically impressive and environmentally friendly. Our experience in the sector provides us with a strong infrastructure to offer unique solutions in every project. As AVOY M\u0130MARLIK, we continue to turn the spaces you dream of into reality by prioritizing quality in every detail.<\/p><p data-start=\"680\" data-end=\"1013\" data-is-last-node=\"\" data-is-only-node=\"\">By considering the balance between sustainability, functionality and aesthetics, we design not only today but also the future. By always keeping the satisfaction of our customers at the forefront, we reveal our difference in the sector in every project. AVOY ARCHITECTURE shapes the future of architecture by constantly renewing its vision in the field of architecture.<\/p>\t\t\t\t\t\t\t\t<\/div>\n\t\t\t\t<\/div>\n\t\t\t\t<div class=\"elementor-element elementor-element-f9c6bdc elementor-widget elementor-widget-spacer\" data-id=\"f9c6bdc\" data-element_type=\"widget\" data-widget_type=\"spacer.default\">\n\t\t\t\t<div class=\"elementor-widget-container\">\n\t\t\t\t\t\t\t<div class=\"elementor-spacer\">\n\t\t\t<div class=\"elementor-spacer-inner\"><\/div>\n\t\t<\/div>\n\t\t\t\t\t\t<\/div>\n\t\t\t\t<\/div>\n\t\t\t\t<div class=\"elementor-element elementor-element-2a29e16 elementor-widget-divider--view-line elementor-widget elementor-widget-divider\" data-id=\"2a29e16\" data-element_type=\"widget\" data-widget_type=\"divider.default\">\n\t\t\t\t<div class=\"elementor-widget-container\">\n\t\t\t\t\t\t\t<div class=\"elementor-divider\">\n\t\t\t<span class=\"elementor-divider-separator\">\n\t\t\t\t\t\t<\/span>\n\t\t<\/div>\n\t\t\t\t\t\t<\/div>\n\t\t\t\t<\/div>\n\t\t\t\t\t<\/div>\n\t\t<\/div>\n\t\t\t\t\t<\/div>\n\t\t<\/section>\n\t\t\t\t<section class=\"elementor-section elementor-top-section elementor-element elementor-element-a18a6ef elementor-section-content-middle elementor-section-boxed elementor-section-height-default elementor-section-height-default\" data-id=\"a18a6ef\" data-element_type=\"section\" data-settings=\"{&quot;jet_parallax_layout_list&quot;:[{&quot;jet_parallax_layout_image&quot;:{&quot;url&quot;:&quot;&quot;,&quot;id&quot;:&quot;&quot;,&quot;size&quot;:&quot;&quot;},&quot;_id&quot;:&quot;d4279b6&quot;,&quot;jet_parallax_layout_image_tablet&quot;:{&quot;url&quot;:&quot;&quot;,&quot;id&quot;:&quot;&quot;,&quot;size&quot;:&quot;&quot;},&quot;jet_parallax_layout_image_mobile&quot;:{&quot;url&quot;:&quot;&quot;,&quot;id&quot;:&quot;&quot;,&quot;size&quot;:&quot;&quot;},&quot;jet_parallax_layout_speed&quot;:{&quot;unit&quot;:&quot;%&quot;,&quot;size&quot;:&quot;50&quot;,&quot;sizes&quot;:[]},&quot;jet_parallax_layout_bg_x&quot;:&quot;50&quot;,&quot;jet_parallax_layout_bg_y&quot;:&quot;50&quot;,&quot;jet_parallax_layout_type&quot;:&quot;scroll&quot;,&quot;jet_parallax_layout_direction&quot;:null,&quot;jet_parallax_layout_fx_direction&quot;:null,&quot;jet_parallax_layout_z_index&quot;:&quot;&quot;,&quot;jet_parallax_layout_bg_x_tablet&quot;:&quot;&quot;,&quot;jet_parallax_layout_bg_x_mobile&quot;:&quot;&quot;,&quot;jet_parallax_layout_bg_y_tablet&quot;:&quot;&quot;,&quot;jet_parallax_layout_bg_y_mobile&quot;:&quot;&quot;,&quot;jet_parallax_layout_bg_size&quot;:&quot;auto&quot;,&quot;jet_parallax_layout_bg_size_tablet&quot;:&quot;&quot;,&quot;jet_parallax_layout_bg_size_mobile&quot;:&quot;&quot;,&quot;jet_parallax_layout_animation_prop&quot;:&quot;transform&quot;,&quot;jet_parallax_layout_on&quot;:[&quot;desktop&quot;,&quot;tablet&quot;]}]}\">\n\t\t\t\t\t\t<div class=\"elementor-container elementor-column-gap-no\">\n\t\t\t\t\t<div class=\"elementor-column elementor-col-100 elementor-top-column elementor-element elementor-element-8f38c09\" data-id=\"8f38c09\" data-element_type=\"column\">\n\t\t\t<div class=\"elementor-widget-wrap\">\n\t\t\t\t\t\t\t<\/div>\n\t\t<\/div>\n\t\t\t\t\t<\/div>\n\t\t<\/section>\n\t\t\t\t<\/div>","protected":false},"excerpt":{"rendered":"<p>About Us AVOY ARCHITECTURE is an architectural firm that combines aesthetics, functionality and sustainability, aiming for perfection in every project. With our customer-focused approach, we work meticulously to meet the needs and expectations at the highest standards by customizing each design. With our modern and innovative designs, we make living spaces more efficient, aesthetically impressive and environmentally friendly. Our experience in the sector provides unique [\u2026]<\/p>","protected":false},"author":1,"featured_media":0,"parent":0,"menu_order":0,"comment_status":"closed","ping_status":"closed","template":"full-width.php","meta":{"_acf_changed":false,"footnotes":""},"class_list":["post-21","page","type-page","status-publish","hentry"],"acf":[],"yoast_head":"<!-- This site is optimized with the Yoast SEO plugin v25.2 - https:\/\/yoast.com\/wordpress\/plugins\/seo\/ -->\n<title>AVOY M\u0130MARLIK<\/title>\n<meta name=\"description\" content=\"AVOY Mimarl\u0131k, yarat\u0131c\u0131 ve i\u015flevsel \u00e7\u00f6z\u00fcmleriyle ya\u015fam alanlar\u0131na de\u011fer katan profesyonel bir mimarl\u0131k firmas\u0131d\u0131r.\" \/>\n<meta name=\"robots\" content=\"index, follow, max-snippet:-1, max-image-preview:large, max-video-preview:-1\" \/>\n<link rel=\"canonical\" href=\"https:\/\/avoymimarlik.com\/en\/hakkimizda\/\" \/>\n<meta property=\"og:locale\" content=\"en_US\" \/>\n<meta property=\"og:type\" content=\"article\" \/>\n<meta property=\"og:title\" content=\"AVOY M\u0130MARLIK\" \/>\n<meta property=\"og:description\" content=\"AVOY Mimarl\u0131k, yarat\u0131c\u0131 ve i\u015flevsel \u00e7\u00f6z\u00fcmleriyle ya\u015fam alanlar\u0131na de\u011fer katan profesyonel bir mimarl\u0131k firmas\u0131d\u0131r.\" \/>\n<meta property=\"og:url\" content=\"https:\/\/avoymimarlik.com\/en\/hakkimizda\/\" \/>\n<meta property=\"og:site_name\" content=\"AVOY M\u0130MARLIK\" \/>\n<meta property=\"article:modified_time\" content=\"2025-04-17T22:29:20+00:00\" \/>\n<meta name=\"twitter:card\" content=\"summary_large_image\" \/>\n<meta name=\"twitter:label1\" content=\"Est. reading time\" \/>\n\t<meta name=\"twitter:data1\" content=\"1 minute\" \/>\n<script type=\"application\/ld+json\" class=\"yoast-schema-graph\">{\"@context\":\"https:\/\/schema.org\",\"@graph\":[{\"@type\":\"WebPage\",\"@id\":\"https:\/\/avoymimarlik.com\/hakkimizda\/\",\"url\":\"https:\/\/avoymimarlik.com\/hakkimizda\/\",\"name\":\"AVOY M\u0130MARLIK\",\"isPartOf\":{\"@id\":\"https:\/\/avoymimarlik.com\/#website\"},\"datePublished\":\"2019-08-22T08:33:06+00:00\",\"dateModified\":\"2025-04-17T22:29:20+00:00\",\"description\":\"AVOY Mimarl\u0131k, yarat\u0131c\u0131 ve i\u015flevsel \u00e7\u00f6z\u00fcmleriyle ya\u015fam alanlar\u0131na de\u011fer katan profesyonel bir mimarl\u0131k firmas\u0131d\u0131r.\",\"breadcrumb\":{\"@id\":\"https:\/\/avoymimarlik.com\/hakkimizda\/#breadcrumb\"},\"inLanguage\":\"en-US\",\"potentialAction\":[{\"@type\":\"ReadAction\",\"target\":[\"https:\/\/avoymimarlik.com\/hakkimizda\/\"]}]},{\"@type\":\"BreadcrumbList\",\"@id\":\"https:\/\/avoymimarlik.com\/hakkimizda\/#breadcrumb\",\"itemListElement\":[{\"@type\":\"ListItem\",\"position\":1,\"name\":\"Anasayfa\",\"item\":\"https:\/\/avoymimarlik.com\/\"},{\"@type\":\"ListItem\",\"position\":2,\"name\":\"About\"}]},{\"@type\":\"WebSite\",\"@id\":\"https:\/\/avoymimarlik.com\/#website\",\"url\":\"https:\/\/avoymimarlik.com\/\",\"name\":\"Avoy Mimarl\u0131k\",\"description\":\"Mimari tasar\u0131m , projelendirme ve uygulama .\",\"publisher\":{\"@id\":\"https:\/\/avoymimarlik.com\/#organization\"},\"potentialAction\":[{\"@type\":\"SearchAction\",\"target\":{\"@type\":\"EntryPoint\",\"urlTemplate\":\"https:\/\/avoymimarlik.com\/?s={search_term_string}\"},\"query-input\":{\"@type\":\"PropertyValueSpecification\",\"valueRequired\":true,\"valueName\":\"search_term_string\"}}],\"inLanguage\":\"en-US\"},{\"@type\":\"Organization\",\"@id\":\"https:\/\/avoymimarlik.com\/#organization\",\"name\":\"Avoy Mimarl\u0131k\",\"url\":\"https:\/\/avoymimarlik.com\/\",\"logo\":{\"@type\":\"ImageObject\",\"inLanguage\":\"en-US\",\"@id\":\"https:\/\/avoymimarlik.com\/#\/schema\/logo\/image\/\",\"url\":\"https:\/\/avoymimarlik.com\/wp-content\/uploads\/2025\/02\/cropped-2023-11-29-9.jpg\",\"contentUrl\":\"https:\/\/avoymimarlik.com\/wp-content\/uploads\/2025\/02\/cropped-2023-11-29-9.jpg\",\"width\":512,\"height\":512,\"caption\":\"Avoy Mimarl\u0131k\"},\"image\":{\"@id\":\"https:\/\/avoymimarlik.com\/#\/schema\/logo\/image\/\"},\"sameAs\":[\"https:\/\/tr.linkedin.com\/company\/avoy-mimarlik\"]}]}<\/script>\n<!-- \/ Yoast SEO plugin. -->","yoast_head_json":{"title":"AVOY M\u0130MARLIK","description":"AVOY Mimarl\u0131k, yarat\u0131c\u0131 ve i\u015flevsel \u00e7\u00f6z\u00fcmleriyle ya\u015fam alanlar\u0131na de\u011fer katan profesyonel bir mimarl\u0131k firmas\u0131d\u0131r.","robots":{"index":"index","follow":"follow","max-snippet":"max-snippet:-1","max-image-preview":"max-image-preview:large","max-video-preview":"max-video-preview:-1"},"canonical":"https:\/\/avoymimarlik.com\/en\/hakkimizda\/","og_locale":"en_US","og_type":"article","og_title":"AVOY M\u0130MARLIK","og_description":"AVOY Mimarl\u0131k, yarat\u0131c\u0131 ve i\u015flevsel \u00e7\u00f6z\u00fcmleriyle ya\u015fam alanlar\u0131na de\u011fer katan profesyonel bir mimarl\u0131k firmas\u0131d\u0131r.","og_url":"https:\/\/avoymimarlik.com\/en\/hakkimizda\/","og_site_name":"AVOY M\u0130MARLIK","article_modified_time":"2025-04-17T22:29:20+00:00","twitter_card":"summary_large_image","twitter_misc":{"Est. reading time":"1 minute"},"schema":{"@context":"https:\/\/schema.org","@graph":[{"@type":"WebPage","@id":"https:\/\/avoymimarlik.com\/hakkimizda\/","url":"https:\/\/avoymimarlik.com\/hakkimizda\/","name":"AVOY M\u0130MARLIK","isPartOf":{"@id":"https:\/\/avoymimarlik.com\/#website"},"datePublished":"2019-08-22T08:33:06+00:00","dateModified":"2025-04-17T22:29:20+00:00","description":"AVOY Mimarl\u0131k, yarat\u0131c\u0131 ve i\u015flevsel \u00e7\u00f6z\u00fcmleriyle ya\u015fam alanlar\u0131na de\u011fer katan profesyonel bir mimarl\u0131k firmas\u0131d\u0131r.","breadcrumb":{"@id":"https:\/\/avoymimarlik.com\/hakkimizda\/#breadcrumb"},"inLanguage":"en-US","potentialAction":[{"@type":"ReadAction","target":["https:\/\/avoymimarlik.com\/hakkimizda\/"]}]},{"@type":"BreadcrumbList","@id":"https:\/\/avoymimarlik.com\/hakkimizda\/#breadcrumb","itemListElement":[{"@type":"ListItem","position":1,"name":"Anasayfa","item":"https:\/\/avoymimarlik.com\/"},{"@type":"ListItem","position":2,"name":"About"}]},{"@type":"WebSite","@id":"https:\/\/avoymimarlik.com\/#website","url":"https:\/\/avoymimarlik.com\/","name":"Avoy Mimarl\u0131k","description":"Mimari tasar\u0131m , projelendirme ve uygulama .","publisher":{"@id":"https:\/\/avoymimarlik.com\/#organization"},"potentialAction":[{"@type":"SearchAction","target":{"@type":"EntryPoint","urlTemplate":"https:\/\/avoymimarlik.com\/?s={search_term_string}"},"query-input":{"@type":"PropertyValueSpecification","valueRequired":true,"valueName":"search_term_string"}}],"inLanguage":"en-US"},{"@type":"Organization","@id":"https:\/\/avoymimarlik.com\/#organization","name":"Avoy Mimarl\u0131k","url":"https:\/\/avoymimarlik.com\/","logo":{"@type":"ImageObject","inLanguage":"en-US","@id":"https:\/\/avoymimarlik.com\/#\/schema\/logo\/image\/","url":"https:\/\/avoymimarlik.com\/wp-content\/uploads\/2025\/02\/cropped-2023-11-29-9.jpg","contentUrl":"https:\/\/avoymimarlik.com\/wp-content\/uploads\/2025\/02\/cropped-2023-11-29-9.jpg","width":512,"height":512,"caption":"Avoy Mimarl\u0131k"},"image":{"@id":"https:\/\/avoymimarlik.com\/#\/schema\/logo\/image\/"},"sameAs":["https:\/\/tr.linkedin.com\/company\/avoy-mimarlik"]}]}},"_links":{"self":[{"href":"https:\/\/avoymimarlik.com\/en\/wp-json\/wp\/v2\/pages\/21","targetHints":{"allow":["GET"]}}],"collection":[{"href":"https:\/\/avoymimarlik.com\/en\/wp-json\/wp\/v2\/pages"}],"about":[{"href":"https:\/\/avoymimarlik.com\/en\/wp-json\/wp\/v2\/types\/page"}],"author":[{"embeddable":true,"href":"https:\/\/avoymimarlik.com\/en\/wp-json\/wp\/v2\/users\/1"}],"replies":[{"embeddable":true,"href":"https:\/\/avoymimarlik.com\/en\/wp-json\/wp\/v2\/comments?post=21"}],"version-history":[{"count":8,"href":"https:\/\/avoymimarlik.com\/en\/wp-json\/wp\/v2\/pages\/21\/revisions"}],"predecessor-version":[{"id":615,"href":"https:\/\/avoymimarlik.com\/en\/wp-json\/wp\/v2\/pages\/21\/revisions\/615"}],"wp:attachment":[{"href":"https:\/\/avoymimarlik.com\/en\/wp-json\/wp\/v2\/media?parent=21"}],"curies":[{"name":"wp","href":"https:\/\/api.w.org\/{rel}","templated":true}]}}